{"id":10,"date":"2017-01-20T10:37:10","date_gmt":"2017-01-20T10:37:10","guid":{"rendered":"https:\/\/mfroisemont.fr\/?page_id=10"},"modified":"2025-04-07T13:02:07","modified_gmt":"2025-04-07T13:02:07","slug":"accueil","status":"publish","type":"page","link":"https:\/\/mfroisemont.fr\/","title":{"rendered":"Notre \u00e9tablissement"},"content":{"rendered":"\n<p align=\"JUSTIFY\">&nbsp;<\/p>\n<p align=\"JUSTIFY\"><span style=\"font-family: Calibri, serif;\"><span style=\"font-size: medium;\">Cr\u00e9\u00e9e en 1975, la MFR de Oisemont est impliqu\u00e9e dans son territoire et r\u00e9pond aux besoins du monde rural en proposant des formations bas\u00e9es sur la p\u00e9dagogie de l\u2019alternance.<\/span><\/span><\/p>\n<p align=\"JUSTIFY\"><span style=\"font-family: Calibri, serif;\"><span style=\"font-size: medium;\">Les classes de <\/span><\/span><span style=\"font-family: Calibri-Bold, serif;\"><span style=\"font-size: medium;\"><b>4<\/b><\/span><\/span><span style=\"font-family: Calibri-Bold, serif;\"><span style=\"font-size: xx-small;\"><b>\u00e8me<\/b><\/span><\/span><span style=\"font-family: Calibri-Bold, serif;\"><span style=\"font-size: medium;\"><b>\/3<\/b><\/span><\/span><span style=\"font-family: Calibri-Bold, serif;\"><span style=\"font-size: xx-small;\"><b>\u00e8me <\/b><\/span><\/span><span style=\"font-family: Calibri, serif;\"><span style=\"font-size: medium;\">permettent aux jeunes ruraux de d\u00e9couvrir le monde du travail gr\u00e2ce aux stages et de d\u00e9finir leur orientation professionnelle.<\/span><\/span><\/p>\n<p align=\"JUSTIFY\"><span style=\"font-family: Calibri-Bold, serif;\"><span style=\"font-size: medium;\"><b>En BAC PRO SAPAT, <\/b><\/span><\/span><span style=\"font-family: Calibri, serif;\"><span style=\"font-size: medium;\">les jeunes se qualifient professionnellement dans les domaines suivants:<\/span><\/span><\/p>\n<ul>\n<li>\n<p align=\"JUSTIFY\"><span style=\"font-family: Calibri, serif;\"><span style=\"font-size: medium;\">entretien des locaux\/restauration, petite enfance<\/span><\/span><\/p>\n<\/li>\n<li>\n<p align=\"JUSTIFY\"><span style=\"font-family: Calibri, serif;\"><span style=\"font-size: medium;\">animation sociale, accompagnement de personnes non autonomes<\/span><\/span><\/p>\n<\/li>\n<li>\n<p align=\"JUSTIFY\"><span style=\"font-family: Calibri, serif;\"><span style=\"font-size: medium;\">accueil\/communication, tourisme et engagement associatif<\/span><\/span><\/p>\n<\/li>\n<\/ul>\n<p align=\"JUSTIFY\"><span style=\"font-family: Calibri, serif;\"><span style=\"font-size: medium;\">Une diversit\u00e9 de comp\u00e9tences associ\u00e9e \u00e0 l\u2019esprit d\u2019initiative, la capacit\u00e9 de travail en \u00e9quipe, la prise de responsabilit\u00e9 qui permettent de rentrer plus facilement dans la vie active.<\/span><\/span><\/p>\n<h3 align=\"JUSTIFY\"><em><span style=\"font-family: Calibri-Bold, serif; color: #e6df17;\"><span style=\"font-size: medium;\"><b>NOS VALEURS :<\/b><\/span><\/span><\/em><\/h3>\n<ul>\n<li>\n<p align=\"JUSTIFY\"><span style=\"font-family: Calibri, serif;\"><span style=\"font-size: medium;\">Accompagnement du jeune<img loading=\"lazy\" decoding=\"async\" class=\"size-medium wp-image-738 alignright\" src=\"https:\/\/mfroisemont.fr\/wp-content\/uploads\/2021\/11\/avec-texte-presentation-MFR-300x206.jpg\" alt=\"\" width=\"300\" height=\"206\" srcset=\"https:\/\/mfroisemont.fr\/wp-content\/uploads\/2021\/11\/avec-texte-presentation-MFR-300x206.jpg 300w, https:\/\/mfroisemont.fr\/wp-content\/uploads\/2021\/11\/avec-texte-presentation-MFR.jpg 534w\" sizes=\"(max-width: 300px) 100vw, 300px\" \/><\/span><\/span><\/p>\n<\/li>\n<li>\n<p align=\"JUSTIFY\"><span style=\"font-family: Calibri, serif;\"><span style=\"font-size: medium;\">Formation concr\u00e8te et dynamique<\/span><\/span><\/p>\n<\/li>\n<li>\n<p align=\"JUSTIFY\"><span style=\"font-family: Calibri, serif;\"><span style=\"font-size: medium;\">Ouverture sur le monde<\/span><\/span><\/p>\n<\/li>\n<li>\n<p align=\"JUSTIFY\"><span style=\"font-family: Calibri, serif;\"><span style=\"font-size: medium;\">Qualit\u00e9 de vie en groupe et d\u00e9veloppement de la personnalit\u00e9<\/span><\/span><\/p>\n<\/li>\n<li>\n<p align=\"JUSTIFY\"><span style=\"font-family: Calibri, serif;\"><span style=\"font-size: medium;\">Consid\u00e9rer chacun avec son projet et l\u2019aider \u00e0 r\u00e9ussir<\/span><\/span><\/p>\n<\/li>\n<\/ul>\n<h3 align=\"JUSTIFY\"><em><span style=\"font-family: Calibri-Bold, serif; color: #e6df17;\"><span style=\"font-size: medium;\"><b>L\u2019ALTERNANCE :<\/b><\/span><\/span><\/em><\/h3>\n<ul>\n<li>\n<p align=\"JUSTIFY\"><span style=\"font-family: Calibri, serif;\"><span style=\"font-size: medium;\">Provoquer l\u2019\u00e9coute et l\u2019expression pour amener le jeune \u00e0 s\u2019interroger, comparer, analyser<\/span><\/span><\/p>\n<\/li>\n<li>\n<p align=\"JUSTIFY\"><span style=\"font-family: Calibri, serif;\"><span style=\"font-size: medium;\">Valoriser le travail et l\u2019investissement des jeunes<\/span><\/span><\/p>\n<\/li>\n<li>\n<p align=\"JUSTIFY\"><span style=\"font-family: Calibri, serif;\"><span style=\"font-size: medium;\">D\u00e9couvrir des secteurs professionnels diff\u00e9rents<\/span><\/span><\/p>\n<\/li>\n<\/ul>\n<p><iframe loading=\"lazy\" title=\"A LA MFR DE OISEMONT....\" width=\"620\" height=\"349\" src=\"https:\/\/www.youtube.com\/embed\/C9zOuUqENzU?start=3&#038;feature=oembed\" frameborder=\"0\" allow=\"accelerometer; autoplay; clipboard-write; encrypted-media; gyroscope; picture-in-picture; web-share\" referrerpolicy=\"strict-origin-when-cross-origin\" allowfullscreen><\/iframe><\/p>\n\n\n\n<p><span style=\"color: #ff9900; font-size: 24pt;\"><strong>Pr\u00e9sentes sur l&rsquo;ensemble du territoire national et dans de nombreux pays, les Maisons Familiales Rurales c&rsquo;est&#8230;<\/strong><\/span><\/p>\n\n\n\n<p><strong><span style=\"color: #339966;\">Des moniteurs \u00e0 l\u2019\u00e9coute<\/span><\/strong><br>Ils assurent l\u2019enseignement et l\u2019accompagnement \u00e9ducatif des jeunes, et sont pr\u00e9sents toute la journ\u00e9e, mais aussi le soir, \u00e0 tour de r\u00f4le, aupr\u00e8s des \u00e9l\u00e8ves internes. Cette \u00e9coute et cette disponibilit\u00e9 font la force et la diff\u00e9rence d\u2019une MFR : une \u00e9cole qui donne confiance en soi et valorise les initiatives personnelles.<\/p>\n\n\n<div class=\"wp-block-image\">\n<figure class=\"aligncenter\"><img loading=\"lazy\" decoding=\"async\" width=\"300\" height=\"200\" src=\"https:\/\/mfroisemont.fr\/wp-content\/uploads\/2021\/02\/des-professeurs-a-lecoute-300x200.jpg\" alt=\"\" class=\"wp-image-571\" srcset=\"https:\/\/mfroisemont.fr\/wp-content\/uploads\/2021\/02\/des-professeurs-a-lecoute-300x200.jpg 300w, https:\/\/mfroisemont.fr\/wp-content\/uploads\/2021\/02\/des-professeurs-a-lecoute.jpg 570w\" sizes=\"(max-width: 300px) 100vw, 300px\" \/><\/figure><\/div>\n\n\n<p><span style=\"color: #339966;\"><strong>Des entreprises responsabilis\u00e9es<\/strong><\/span><br>En accompagnant les \u00e9l\u00e8ves dans le monde professionnel, les entreprises adh\u00e8rent aux valeurs d\u2019entraide et de partage du centre de formation.<br>Elles assurent, en collaboration avec le moniteur, l\u2019ad\u00e9quation de l\u2019enseignement th\u00e9orique avec l\u2019enseignement technique.<\/p>\n\n\n\n<figure class=\"wp-block-image\"><img loading=\"lazy\" decoding=\"async\" width=\"300\" height=\"160\" src=\"https:\/\/mfroisemont.fr\/wp-content\/uploads\/2021\/02\/2018-08-02_07-06-19_-300x160.png\" alt=\"\" class=\"wp-image-572\" srcset=\"https:\/\/mfroisemont.fr\/wp-content\/uploads\/2021\/02\/2018-08-02_07-06-19_-300x160.png 300w, https:\/\/mfroisemont.fr\/wp-content\/uploads\/2021\/02\/2018-08-02_07-06-19_-768x409.png 768w, https:\/\/mfroisemont.fr\/wp-content\/uploads\/2021\/02\/2018-08-02_07-06-19_-600x319.png 600w, https:\/\/mfroisemont.fr\/wp-content\/uploads\/2021\/02\/2018-08-02_07-06-19_-620x330.png 620w, https:\/\/mfroisemont.fr\/wp-content\/uploads\/2021\/02\/2018-08-02_07-06-19_.png 1000w\" sizes=\"(max-width: 300px) 100vw, 300px\" \/><\/figure>\n\n\n\n<p class=\"has-text-align-center\"><\/p>\n\n\n\n<p><strong><span style=\"color: #339966;\">La vie de groupe, moteur de responsabilisation<\/span><\/strong><br>Int\u00e9gr\u00e9 dans le projet \u00e9ducatif, les \u00e9l\u00e8ves vivent l\u2019internat comme une seconde famille. Espace de responsabilisation, ils apprennent la vie en communaut\u00e9, le respect de l\u2019autre, l\u2019entraide et l\u2019autonomie. Pour les \u00e9l\u00e8ves, c\u2019est un lieu d\u2019aide et d\u2019\u00e9coute o\u00f9 les moniteurs troquent, le temps d\u2019une veill\u00e9e, le r\u00f4le d\u2019enseignant contre celui de conseiller.<\/p>\n\n\n<div class=\"wp-block-image\">\n<figure class=\"aligncenter\"><img loading=\"lazy\" decoding=\"async\" width=\"300\" height=\"214\" src=\"https:\/\/mfroisemont.fr\/wp-content\/uploads\/2021\/02\/marketing-assurance-deces-vie-mort.jpg\" alt=\"\" class=\"wp-image-573\"\/><\/figure><\/div>\n\n\n<p><span style=\"color: #339966;\"><strong>Des parents impliqu\u00e9s depuis 1937<\/strong><\/span><br>Ce sont des parents qui sont \u00e0 l\u2019origine des MFR, il y a plus de 70 ans. Prenant le relais, beaucoup d\u2019entre eux choisissent de s\u2019impliquer en devenant membres du conseil d\u2019administration de l\u2019\u00e9tablissement, qui fonctionne en association Loi 1901. Certains d\u00e9cident de prendre part \u00e0 un projet concret et passent ainsi du r\u00f4le d\u2019acteur de la vie d\u2019une MFR \u00e0 celui de moteur.<\/p>\n\n\n<div class=\"wp-block-image\">\n<figure class=\"aligncenter\"><img loading=\"lazy\" decoding=\"async\" width=\"300\" height=\"300\" src=\"https:\/\/mfroisemont.fr\/wp-content\/uploads\/2021\/02\/groupemeny-300x300.png\" alt=\"\" class=\"wp-image-574\" srcset=\"https:\/\/mfroisemont.fr\/wp-content\/uploads\/2021\/02\/groupemeny-300x300.png 300w, https:\/\/mfroisemont.fr\/wp-content\/uploads\/2021\/02\/groupemeny-150x150.png 150w, https:\/\/mfroisemont.fr\/wp-content\/uploads\/2021\/02\/groupemeny-600x600.png 600w, https:\/\/mfroisemont.fr\/wp-content\/uploads\/2021\/02\/groupemeny-620x620.png 620w, https:\/\/mfroisemont.fr\/wp-content\/uploads\/2021\/02\/groupemeny.png 640w\" sizes=\"(max-width: 300px) 100vw, 300px\" \/><\/figure><\/div>\n\n\n<p><img loading=\"lazy\" decoding=\"async\" class=\"alignnone  wp-image-687 alignleft\" src=\"https:\/\/mfroisemont.fr\/wp-content\/uploads\/2021\/11\/draaf-2.jpg\" alt=\"\" width=\"114\" height=\"123\" \/><img loading=\"lazy\" decoding=\"async\" class=\"alignnone  wp-image-691\" src=\"https:\/\/mfroisemont.fr\/wp-content\/uploads\/2021\/11\/lucie26000jpeg-300x300.jpg\" alt=\"\" width=\"141\" height=\"141\" srcset=\"https:\/\/mfroisemont.fr\/wp-content\/uploads\/2021\/11\/lucie26000jpeg-300x300.jpg 300w, https:\/\/mfroisemont.fr\/wp-content\/uploads\/2021\/11\/lucie26000jpeg-1024x1024.jpg 1024w, https:\/\/mfroisemont.fr\/wp-content\/uploads\/2021\/11\/lucie26000jpeg-150x150.jpg 150w, https:\/\/mfroisemont.fr\/wp-content\/uploads\/2021\/11\/lucie26000jpeg-768x768.jpg 768w, https:\/\/mfroisemont.fr\/wp-content\/uploads\/2021\/11\/lucie26000jpeg-600x600.jpg 600w, https:\/\/mfroisemont.fr\/wp-content\/uploads\/2021\/11\/lucie26000jpeg-620x620.jpg 620w, https:\/\/mfroisemont.fr\/wp-content\/uploads\/2021\/11\/lucie26000jpeg.jpg 1200w\" sizes=\"(max-width: 141px) 100vw, 141px\" \/><a href=\"http:\/\/19742060 - MAISON FAMILIALE RURALE OISEMONT - Qualiopi\" rel=\"attachment wp-att-885\" data-wplink-url-error=\"true\"><img loading=\"lazy\" decoding=\"async\" class=\"alignnone  wp-image-885\" src=\"https:\/\/mfroisemont.fr\/wp-content\/uploads\/2023\/11\/LogoQualiopi-AvecMarianne-et-sign-copie-300x214.jpg\" alt=\"\" width=\"214\" height=\"153\" srcset=\"https:\/\/mfroisemont.fr\/wp-content\/uploads\/2023\/11\/LogoQualiopi-AvecMarianne-et-sign-copie-300x214.jpg 300w, https:\/\/mfroisemont.fr\/wp-content\/uploads\/2023\/11\/LogoQualiopi-AvecMarianne-et-sign-copie-600x429.jpg 600w, https:\/\/mfroisemont.fr\/wp-content\/uploads\/2023\/11\/LogoQualiopi-AvecMarianne-et-sign-copie-620x443.jpg 620w, https:\/\/mfroisemont.fr\/wp-content\/uploads\/2023\/11\/LogoQualiopi-AvecMarianne-et-sign-copie.jpg 700w\" sizes=\"(max-width: 214px) 100vw, 214px\" \/><\/a> \u00a0 <a href=\"https:\/\/mfroisemont.fr\/?attachment_id=958\" rel=\"attachment wp-att-958\"><img loading=\"lazy\" decoding=\"async\" class=\"alignnone  wp-image-958\" src=\"https:\/\/mfroisemont.fr\/wp-content\/uploads\/2025\/02\/handicap-1173331_1280-300x297.jpg\" alt=\"\" width=\"137\" height=\"136\" srcset=\"https:\/\/mfroisemont.fr\/wp-content\/uploads\/2025\/02\/handicap-1173331_1280-300x297.jpg 300w, https:\/\/mfroisemont.fr\/wp-content\/uploads\/2025\/02\/handicap-1173331_1280-1024x1014.jpg 1024w, https:\/\/mfroisemont.fr\/wp-content\/uploads\/2025\/02\/handicap-1173331_1280-150x150.jpg 150w, https:\/\/mfroisemont.fr\/wp-content\/uploads\/2025\/02\/handicap-1173331_1280-768x761.jpg 768w, https:\/\/mfroisemont.fr\/wp-content\/uploads\/2025\/02\/handicap-1173331_1280-600x594.jpg 600w, https:\/\/mfroisemont.fr\/wp-content\/uploads\/2025\/02\/handicap-1173331_1280-620x614.jpg 620w, https:\/\/mfroisemont.fr\/wp-content\/uploads\/2025\/02\/handicap-1173331_1280.jpg 1280w\" sizes=\"(max-width: 137px) 100vw, 137px\" \/><\/a><\/p>\n<p><a href=\"https:\/\/acrobat.adobe.com\/id\/urn:aaid:sc:EU:310ab0d4-e2d4-4058-805f-8223ab9e64ba\" target=\"_blank\" rel=\"attachment noopener wp-att-847\">Certificat Qualiopi cliquez ici<\/a><\/p>\n<p>\u00a0<\/p>\n<p>\u00a0<\/p>\n\n\n\n<div class=\"wp-block-group\"><div class=\"wp-block-group__inner-container is-layout-flow wp-block-group-is-layout-flow\">\n\n\n<p>Site mis \u00e0 jour le 04\/02\/2025<\/p>\n<\/div><\/div>\n","protected":false},"excerpt":{"rendered":"<p>&nbsp; Cr\u00e9\u00e9e en 1975, la MFR de Oisemont est impliqu\u00e9e dans son territoire et r\u00e9pond aux besoins du monde rural en proposant des formations bas\u00e9es sur la p\u00e9dagogie de l\u2019alternance. Les classes de 4\u00e8me\/3\u00e8me permettent aux jeunes ruraux de d\u00e9couvrir le monde du travail gr\u00e2ce aux stages et de d\u00e9finir leur orientation professionnelle. En BAC [&hellip;]<\/p>\n","protected":false},"author":1,"featured_media":0,"parent":0,"menu_order":0,"comment_status":"closed","ping_status":"closed","template":"","meta":{"footnotes":""},"_links":{"self":[{"href":"https:\/\/mfroisemont.fr\/index.php?rest_route=\/wp\/v2\/pages\/10"}],"collection":[{"href":"https:\/\/mfroisemont.fr\/index.php?rest_route=\/wp\/v2\/pages"}],"about":[{"href":"https:\/\/mfroisemont.fr\/index.php?rest_route=\/wp\/v2\/types\/page"}],"author":[{"embeddable":true,"href":"https:\/\/mfroisemont.fr\/index.php?rest_route=\/wp\/v2\/users\/1"}],"replies":[{"embeddable":true,"href":"https:\/\/mfroisemont.fr\/index.php?rest_route=%2Fwp%2Fv2%2Fcomments&post=10"}],"version-history":[{"count":62,"href":"https:\/\/mfroisemont.fr\/index.php?rest_route=\/wp\/v2\/pages\/10\/revisions"}],"predecessor-version":[{"id":1010,"href":"https:\/\/mfroisemont.fr\/index.php?rest_route=\/wp\/v2\/pages\/10\/revisions\/1010"}],"wp:attachment":[{"href":"https:\/\/mfroisemont.fr\/index.php?rest_route=%2Fwp%2Fv2%2Fmedia&parent=10"}],"curies":[{"name":"wp","href":"https:\/\/api.w.org\/{rel}","templated":true}]}}