{"id":199,"date":"2017-06-05T21:39:56","date_gmt":"2017-06-05T21:39:56","guid":{"rendered":"https:\/\/mfroisemont.fr\/?page_id=199"},"modified":"2021-12-06T20:25:48","modified_gmt":"2021-12-06T20:25:48","slug":"voyage-detude","status":"publish","type":"page","link":"https:\/\/mfroisemont.fr\/?page_id=199","title":{"rendered":"Voyages d&rsquo;\u00e9tude"},"content":{"rendered":"\n<p><span style=\"color: #0000ff;\"><strong>F\u00e9vrier 2019 &#8211; Les Fins<\/strong><\/span><\/p>\n<p>Au programme : visite d&rsquo;une grotte, d&rsquo;un \u00e9levage de chiens de traineau, d&rsquo;un fumoir, d&rsquo;une fromagerie et d&rsquo;une exploitation agricole. Et bien s\u00fbr, bataille de boules de neige, luge et balade en raquettes.<\/p>\n<p><img loading=\"lazy\" decoding=\"async\" class=\"alignnone size-medium wp-image-792\" src=\"https:\/\/mfroisemont.fr\/wp-content\/uploads\/2021\/12\/92966749_102560421429089_2838266508348489728_n-225x300.jpg\" alt=\"\" width=\"225\" height=\"300\" srcset=\"https:\/\/mfroisemont.fr\/wp-content\/uploads\/2021\/12\/92966749_102560421429089_2838266508348489728_n-225x300.jpg 225w, https:\/\/mfroisemont.fr\/wp-content\/uploads\/2021\/12\/92966749_102560421429089_2838266508348489728_n-600x800.jpg 600w, https:\/\/mfroisemont.fr\/wp-content\/uploads\/2021\/12\/92966749_102560421429089_2838266508348489728_n-620x827.jpg 620w, https:\/\/mfroisemont.fr\/wp-content\/uploads\/2021\/12\/92966749_102560421429089_2838266508348489728_n.jpg 720w\" sizes=\"(max-width: 225px) 100vw, 225px\" \/> <img loading=\"lazy\" decoding=\"async\" class=\"alignnone size-medium wp-image-793\" src=\"https:\/\/mfroisemont.fr\/wp-content\/uploads\/2021\/12\/93233775_102561061429025_2132718765912096768_n-165x300.jpg\" alt=\"\" width=\"165\" height=\"300\" srcset=\"https:\/\/mfroisemont.fr\/wp-content\/uploads\/2021\/12\/93233775_102561061429025_2132718765912096768_n-165x300.jpg 165w, https:\/\/mfroisemont.fr\/wp-content\/uploads\/2021\/12\/93233775_102561061429025_2132718765912096768_n.jpg 528w\" sizes=\"(max-width: 165px) 100vw, 165px\" \/><\/p>\n<p><img loading=\"lazy\" decoding=\"async\" class=\"alignnone size-medium wp-image-794\" src=\"https:\/\/mfroisemont.fr\/wp-content\/uploads\/2021\/12\/93280402_102561788095619_4258091093343600640_n-300x169.jpg\" alt=\"\" width=\"300\" height=\"169\" srcset=\"https:\/\/mfroisemont.fr\/wp-content\/uploads\/2021\/12\/93280402_102561788095619_4258091093343600640_n-300x169.jpg 300w, https:\/\/mfroisemont.fr\/wp-content\/uploads\/2021\/12\/93280402_102561788095619_4258091093343600640_n-768x432.jpg 768w, https:\/\/mfroisemont.fr\/wp-content\/uploads\/2021\/12\/93280402_102561788095619_4258091093343600640_n-600x338.jpg 600w, https:\/\/mfroisemont.fr\/wp-content\/uploads\/2021\/12\/93280402_102561788095619_4258091093343600640_n-620x349.jpg 620w, https:\/\/mfroisemont.fr\/wp-content\/uploads\/2021\/12\/93280402_102561788095619_4258091093343600640_n.jpg 960w\" sizes=\"(max-width: 300px) 100vw, 300px\" \/> <img loading=\"lazy\" decoding=\"async\" class=\"alignnone size-medium wp-image-795\" src=\"https:\/\/mfroisemont.fr\/wp-content\/uploads\/2021\/12\/93280719_102535288098269_4000466301955866624_n-300x225.jpg\" alt=\"\" width=\"300\" height=\"225\" srcset=\"https:\/\/mfroisemont.fr\/wp-content\/uploads\/2021\/12\/93280719_102535288098269_4000466301955866624_n-300x225.jpg 300w, https:\/\/mfroisemont.fr\/wp-content\/uploads\/2021\/12\/93280719_102535288098269_4000466301955866624_n-768x576.jpg 768w, https:\/\/mfroisemont.fr\/wp-content\/uploads\/2021\/12\/93280719_102535288098269_4000466301955866624_n-600x450.jpg 600w, https:\/\/mfroisemont.fr\/wp-content\/uploads\/2021\/12\/93280719_102535288098269_4000466301955866624_n-620x465.jpg 620w, https:\/\/mfroisemont.fr\/wp-content\/uploads\/2021\/12\/93280719_102535288098269_4000466301955866624_n.jpg 960w\" sizes=\"(max-width: 300px) 100vw, 300px\" \/> <img loading=\"lazy\" decoding=\"async\" class=\"alignnone size-medium wp-image-796\" src=\"https:\/\/mfroisemont.fr\/wp-content\/uploads\/2021\/12\/93313240_102561544762310_6322445413106319360_n-300x169.jpg\" alt=\"\" width=\"300\" height=\"169\" srcset=\"https:\/\/mfroisemont.fr\/wp-content\/uploads\/2021\/12\/93313240_102561544762310_6322445413106319360_n-300x169.jpg 300w, https:\/\/mfroisemont.fr\/wp-content\/uploads\/2021\/12\/93313240_102561544762310_6322445413106319360_n-768x432.jpg 768w, https:\/\/mfroisemont.fr\/wp-content\/uploads\/2021\/12\/93313240_102561544762310_6322445413106319360_n-600x338.jpg 600w, https:\/\/mfroisemont.fr\/wp-content\/uploads\/2021\/12\/93313240_102561544762310_6322445413106319360_n-620x349.jpg 620w, https:\/\/mfroisemont.fr\/wp-content\/uploads\/2021\/12\/93313240_102561544762310_6322445413106319360_n.jpg 960w\" sizes=\"(max-width: 300px) 100vw, 300px\" \/> <img loading=\"lazy\" decoding=\"async\" class=\"alignnone size-medium wp-image-797\" src=\"https:\/\/mfroisemont.fr\/wp-content\/uploads\/2021\/12\/93362781_102561378095660_7185021557930983424_n-300x169.jpg\" alt=\"\" width=\"300\" height=\"169\" srcset=\"https:\/\/mfroisemont.fr\/wp-content\/uploads\/2021\/12\/93362781_102561378095660_7185021557930983424_n-300x169.jpg 300w, https:\/\/mfroisemont.fr\/wp-content\/uploads\/2021\/12\/93362781_102561378095660_7185021557930983424_n-768x432.jpg 768w, https:\/\/mfroisemont.fr\/wp-content\/uploads\/2021\/12\/93362781_102561378095660_7185021557930983424_n-600x338.jpg 600w, https:\/\/mfroisemont.fr\/wp-content\/uploads\/2021\/12\/93362781_102561378095660_7185021557930983424_n-620x349.jpg 620w, https:\/\/mfroisemont.fr\/wp-content\/uploads\/2021\/12\/93362781_102561378095660_7185021557930983424_n.jpg 960w\" sizes=\"(max-width: 300px) 100vw, 300px\" \/> <img loading=\"lazy\" decoding=\"async\" class=\"alignnone size-medium wp-image-798\" src=\"https:\/\/mfroisemont.fr\/wp-content\/uploads\/2021\/12\/93411665_102561781428953_7097743828156678144_n-300x169.jpg\" alt=\"\" width=\"300\" height=\"169\" srcset=\"https:\/\/mfroisemont.fr\/wp-content\/uploads\/2021\/12\/93411665_102561781428953_7097743828156678144_n-300x169.jpg 300w, https:\/\/mfroisemont.fr\/wp-content\/uploads\/2021\/12\/93411665_102561781428953_7097743828156678144_n-768x432.jpg 768w, https:\/\/mfroisemont.fr\/wp-content\/uploads\/2021\/12\/93411665_102561781428953_7097743828156678144_n-600x338.jpg 600w, https:\/\/mfroisemont.fr\/wp-content\/uploads\/2021\/12\/93411665_102561781428953_7097743828156678144_n-620x349.jpg 620w, https:\/\/mfroisemont.fr\/wp-content\/uploads\/2021\/12\/93411665_102561781428953_7097743828156678144_n.jpg 960w\" sizes=\"(max-width: 300px) 100vw, 300px\" \/> <img loading=\"lazy\" decoding=\"async\" class=\"alignnone size-medium wp-image-799\" src=\"https:\/\/mfroisemont.fr\/wp-content\/uploads\/2021\/12\/93588161_102560661429065_5263869002664378368_n-225x300.jpg\" alt=\"\" width=\"225\" height=\"300\" srcset=\"https:\/\/mfroisemont.fr\/wp-content\/uploads\/2021\/12\/93588161_102560661429065_5263869002664378368_n-225x300.jpg 225w, https:\/\/mfroisemont.fr\/wp-content\/uploads\/2021\/12\/93588161_102560661429065_5263869002664378368_n-600x800.jpg 600w, https:\/\/mfroisemont.fr\/wp-content\/uploads\/2021\/12\/93588161_102560661429065_5263869002664378368_n-620x827.jpg 620w, https:\/\/mfroisemont.fr\/wp-content\/uploads\/2021\/12\/93588161_102560661429065_5263869002664378368_n.jpg 720w\" sizes=\"(max-width: 225px) 100vw, 225px\" \/><\/p>\n<p><img loading=\"lazy\" decoding=\"async\" class=\"alignnone size-medium wp-image-800\" src=\"https:\/\/mfroisemont.fr\/wp-content\/uploads\/2021\/12\/93665874_102560651429066_5243208337364877312_n-300x225.jpg\" alt=\"\" width=\"300\" height=\"225\" srcset=\"https:\/\/mfroisemont.fr\/wp-content\/uploads\/2021\/12\/93665874_102560651429066_5243208337364877312_n-300x225.jpg 300w, https:\/\/mfroisemont.fr\/wp-content\/uploads\/2021\/12\/93665874_102560651429066_5243208337364877312_n-768x576.jpg 768w, https:\/\/mfroisemont.fr\/wp-content\/uploads\/2021\/12\/93665874_102560651429066_5243208337364877312_n-600x450.jpg 600w, https:\/\/mfroisemont.fr\/wp-content\/uploads\/2021\/12\/93665874_102560651429066_5243208337364877312_n-620x465.jpg 620w, https:\/\/mfroisemont.fr\/wp-content\/uploads\/2021\/12\/93665874_102560651429066_5243208337364877312_n.jpg 960w\" sizes=\"(max-width: 300px) 100vw, 300px\" \/><\/p>\n<p><span style=\"color: #0000ff;\"><strong>Mai 2018 &#8211; Les Pays-Bas<\/strong><\/span><\/p>\n<p><img loading=\"lazy\" decoding=\"async\" class=\"alignnone size-medium wp-image-804\" src=\"https:\/\/mfroisemont.fr\/wp-content\/uploads\/2021\/12\/93500947_102566058095192_3931896942916796416_n-300x225.jpg\" alt=\"\" width=\"300\" height=\"225\" srcset=\"https:\/\/mfroisemont.fr\/wp-content\/uploads\/2021\/12\/93500947_102566058095192_3931896942916796416_n-300x225.jpg 300w, https:\/\/mfroisemont.fr\/wp-content\/uploads\/2021\/12\/93500947_102566058095192_3931896942916796416_n-1024x768.jpg 1024w, https:\/\/mfroisemont.fr\/wp-content\/uploads\/2021\/12\/93500947_102566058095192_3931896942916796416_n-768x576.jpg 768w, https:\/\/mfroisemont.fr\/wp-content\/uploads\/2021\/12\/93500947_102566058095192_3931896942916796416_n-600x450.jpg 600w, https:\/\/mfroisemont.fr\/wp-content\/uploads\/2021\/12\/93500947_102566058095192_3931896942916796416_n-1536x1152.jpg 1536w, https:\/\/mfroisemont.fr\/wp-content\/uploads\/2021\/12\/93500947_102566058095192_3931896942916796416_n-620x465.jpg 620w, https:\/\/mfroisemont.fr\/wp-content\/uploads\/2021\/12\/93500947_102566058095192_3931896942916796416_n.jpg 2048w\" sizes=\"(max-width: 300px) 100vw, 300px\" \/> <img loading=\"lazy\" decoding=\"async\" class=\"alignnone size-medium wp-image-805\" src=\"https:\/\/mfroisemont.fr\/wp-content\/uploads\/2021\/12\/93783326_102566051428526_2489328062252974080_n-300x225.jpg\" alt=\"\" width=\"300\" height=\"225\" srcset=\"https:\/\/mfroisemont.fr\/wp-content\/uploads\/2021\/12\/93783326_102566051428526_2489328062252974080_n-300x225.jpg 300w, https:\/\/mfroisemont.fr\/wp-content\/uploads\/2021\/12\/93783326_102566051428526_2489328062252974080_n-1024x768.jpg 1024w, https:\/\/mfroisemont.fr\/wp-content\/uploads\/2021\/12\/93783326_102566051428526_2489328062252974080_n-768x576.jpg 768w, https:\/\/mfroisemont.fr\/wp-content\/uploads\/2021\/12\/93783326_102566051428526_2489328062252974080_n-600x450.jpg 600w, https:\/\/mfroisemont.fr\/wp-content\/uploads\/2021\/12\/93783326_102566051428526_2489328062252974080_n-1536x1152.jpg 1536w, https:\/\/mfroisemont.fr\/wp-content\/uploads\/2021\/12\/93783326_102566051428526_2489328062252974080_n-620x465.jpg 620w, https:\/\/mfroisemont.fr\/wp-content\/uploads\/2021\/12\/93783326_102566051428526_2489328062252974080_n.jpg 2048w\" sizes=\"(max-width: 300px) 100vw, 300px\" \/> <img loading=\"lazy\" decoding=\"async\" class=\"alignnone size-medium wp-image-806\" src=\"https:\/\/mfroisemont.fr\/wp-content\/uploads\/2021\/12\/92921471_102566074761857_8873625707410882560_n-300x225.jpg\" alt=\"\" width=\"300\" height=\"225\" srcset=\"https:\/\/mfroisemont.fr\/wp-content\/uploads\/2021\/12\/92921471_102566074761857_8873625707410882560_n-300x225.jpg 300w, https:\/\/mfroisemont.fr\/wp-content\/uploads\/2021\/12\/92921471_102566074761857_8873625707410882560_n-768x576.jpg 768w, https:\/\/mfroisemont.fr\/wp-content\/uploads\/2021\/12\/92921471_102566074761857_8873625707410882560_n-600x450.jpg 600w, https:\/\/mfroisemont.fr\/wp-content\/uploads\/2021\/12\/92921471_102566074761857_8873625707410882560_n-620x465.jpg 620w, https:\/\/mfroisemont.fr\/wp-content\/uploads\/2021\/12\/92921471_102566074761857_8873625707410882560_n.jpg 960w\" sizes=\"(max-width: 300px) 100vw, 300px\" \/> <img loading=\"lazy\" decoding=\"async\" class=\"alignnone size-medium wp-image-807\" src=\"https:\/\/mfroisemont.fr\/wp-content\/uploads\/2021\/12\/93289185_102566071428524_6917971207409106944_n-300x225.jpg\" alt=\"\" width=\"300\" height=\"225\" srcset=\"https:\/\/mfroisemont.fr\/wp-content\/uploads\/2021\/12\/93289185_102566071428524_6917971207409106944_n-300x225.jpg 300w, https:\/\/mfroisemont.fr\/wp-content\/uploads\/2021\/12\/93289185_102566071428524_6917971207409106944_n-768x576.jpg 768w, https:\/\/mfroisemont.fr\/wp-content\/uploads\/2021\/12\/93289185_102566071428524_6917971207409106944_n-600x450.jpg 600w, https:\/\/mfroisemont.fr\/wp-content\/uploads\/2021\/12\/93289185_102566071428524_6917971207409106944_n-620x465.jpg 620w, https:\/\/mfroisemont.fr\/wp-content\/uploads\/2021\/12\/93289185_102566071428524_6917971207409106944_n.jpg 960w\" sizes=\"(max-width: 300px) 100vw, 300px\" \/> <img loading=\"lazy\" decoding=\"async\" class=\"alignnone size-medium wp-image-808\" src=\"https:\/\/mfroisemont.fr\/wp-content\/uploads\/2021\/12\/93302020_102565398095258_6490696934406225920_n-300x225.jpg\" alt=\"\" width=\"300\" height=\"225\" srcset=\"https:\/\/mfroisemont.fr\/wp-content\/uploads\/2021\/12\/93302020_102565398095258_6490696934406225920_n-300x225.jpg 300w, https:\/\/mfroisemont.fr\/wp-content\/uploads\/2021\/12\/93302020_102565398095258_6490696934406225920_n-768x576.jpg 768w, https:\/\/mfroisemont.fr\/wp-content\/uploads\/2021\/12\/93302020_102565398095258_6490696934406225920_n-600x450.jpg 600w, https:\/\/mfroisemont.fr\/wp-content\/uploads\/2021\/12\/93302020_102565398095258_6490696934406225920_n-620x465.jpg 620w, https:\/\/mfroisemont.fr\/wp-content\/uploads\/2021\/12\/93302020_102565398095258_6490696934406225920_n.jpg 960w\" sizes=\"(max-width: 300px) 100vw, 300px\" \/><\/p>\n","protected":false},"excerpt":{"rendered":"<p>F\u00e9vrier 2019 &#8211; Les Fins Au programme : visite d&rsquo;une grotte, d&rsquo;un \u00e9levage de chiens de traineau, d&rsquo;un fumoir, d&rsquo;une fromagerie et d&rsquo;une exploitation agricole. Et bien s\u00fbr, bataille de boules de neige, luge et balade en raquettes. Mai 2018 &#8211; Les Pays-Bas<\/p>\n","protected":false},"author":1,"featured_media":0,"parent":0,"menu_order":0,"comment_status":"closed","ping_status":"closed","template":"","meta":{"footnotes":""},"_links":{"self":[{"href":"https:\/\/mfroisemont.fr\/index.php?rest_route=\/wp\/v2\/pages\/199"}],"collection":[{"href":"https:\/\/mfroisemont.fr\/index.php?rest_route=\/wp\/v2\/pages"}],"about":[{"href":"https:\/\/mfroisemont.fr\/index.php?rest_route=\/wp\/v2\/types\/page"}],"author":[{"embeddable":true,"href":"https:\/\/mfroisemont.fr\/index.php?rest_route=\/wp\/v2\/users\/1"}],"replies":[{"embeddable":true,"href":"https:\/\/mfroisemont.fr\/index.php?rest_route=%2Fwp%2Fv2%2Fcomments&post=199"}],"version-history":[{"count":7,"href":"https:\/\/mfroisemont.fr\/index.php?rest_route=\/wp\/v2\/pages\/199\/revisions"}],"predecessor-version":[{"id":809,"href":"https:\/\/mfroisemont.fr\/index.php?rest_route=\/wp\/v2\/pages\/199\/revisions\/809"}],"wp:attachment":[{"href":"https:\/\/mfroisemont.fr\/index.php?rest_route=%2Fwp%2Fv2%2Fmedia&parent=199"}],"curies":[{"name":"wp","href":"https:\/\/api.w.org\/{rel}","templated":true}]}}