{"id":597,"date":"2021-02-19T10:40:36","date_gmt":"2021-02-19T10:40:36","guid":{"rendered":"https:\/\/mfroisemont.fr\/?page_id=597"},"modified":"2021-02-19T10:54:51","modified_gmt":"2021-02-19T10:54:51","slug":"reportages","status":"publish","type":"page","link":"https:\/\/mfroisemont.fr\/?page_id=597","title":{"rendered":"Reportages"},"content":{"rendered":"\n<h4><em>D\u00e9couvrez nos locaux.<\/em><\/h4>\n\n\n\n<figure class=\"wp-block-embed is-type-video is-provider-youtube wp-block-embed-youtube wp-embed-aspect-4-3 wp-has-aspect-ratio\"><div class=\"wp-block-embed__wrapper\">\n<iframe loading=\"lazy\" title=\"D\u00e9couvrez les locaux de la MFR de Oisemont\" width=\"620\" height=\"465\" src=\"https:\/\/www.youtube.com\/embed\/VO5_ucoQ13M?feature=oembed\" frameborder=\"0\" allow=\"accelerometer; autoplay; clipboard-write; encrypted-media; gyroscope; picture-in-picture; web-share\" referrerpolicy=\"strict-origin-when-cross-origin\" allowfullscreen><\/iframe>\n<\/div><\/figure>\n\n\n\n<h4><span style=\"color: #000000;\"><em>A la MFR de Oisemont tu feras, tu apprendras, tu d\u00e9couvriras, tu r\u00e9aliseras, tu cr\u00e9eras, tu participeras&#8230; bref tu t&rsquo;amuseras et tu r\u00e9ussiras !\u00a0<\/em><\/span><\/h4>\n\n\n\n<figure class=\"wp-block-embed is-type-video is-provider-youtube wp-block-embed-youtube wp-embed-aspect-16-9 wp-has-aspect-ratio\"><div class=\"wp-block-embed__wrapper\">\n<iframe loading=\"lazy\" title=\"A LA MFR DE OISEMONT....\" width=\"620\" height=\"349\" src=\"https:\/\/www.youtube.com\/embed\/C9zOuUqENzU?feature=oembed\" frameborder=\"0\" allow=\"accelerometer; autoplay; clipboard-write; encrypted-media; gyroscope; picture-in-picture; web-share\" referrerpolicy=\"strict-origin-when-cross-origin\" allowfullscreen><\/iframe>\n<\/div><\/figure>\n\n\n\n<h4><em>En 2018, la classe de 1\u00e8re bac pro a particip\u00e9 \u00e0 un s\u00e9jour interg\u00e9n\u00e9rationnel. Une exp\u00e9rience riche et formatrice&#8230;<\/em><\/h4>\n\n\n\n<figure class=\"wp-block-embed is-type-video is-provider-youtube wp-block-embed-youtube wp-embed-aspect-4-3 wp-has-aspect-ratio\"><div class=\"wp-block-embed__wrapper\">\n<iframe loading=\"lazy\" title=\"t\u00e9moignagePartageMFROisemont\" width=\"620\" height=\"465\" src=\"https:\/\/www.youtube.com\/embed\/dqfL0oLLLjs?feature=oembed\" frameborder=\"0\" allow=\"accelerometer; autoplay; clipboard-write; encrypted-media; gyroscope; picture-in-picture; web-share\" referrerpolicy=\"strict-origin-when-cross-origin\" allowfullscreen><\/iframe>\n<\/div><\/figure>\n","protected":false},"excerpt":{"rendered":"<p>D\u00e9couvrez nos locaux. A la MFR de Oisemont tu feras, tu apprendras, tu d\u00e9couvriras, tu r\u00e9aliseras, tu cr\u00e9eras, tu participeras&#8230; bref tu t&rsquo;amuseras et tu r\u00e9ussiras !\u00a0 En 2018, la classe de 1\u00e8re bac pro a particip\u00e9 \u00e0 un s\u00e9jour interg\u00e9n\u00e9rationnel. Une exp\u00e9rience riche et formatrice&#8230;<\/p>\n","protected":false},"author":1,"featured_media":0,"parent":0,"menu_order":0,"comment_status":"closed","ping_status":"closed","template":"","meta":{"footnotes":""},"_links":{"self":[{"href":"https:\/\/mfroisemont.fr\/index.php?rest_route=\/wp\/v2\/pages\/597"}],"collection":[{"href":"https:\/\/mfroisemont.fr\/index.php?rest_route=\/wp\/v2\/pages"}],"about":[{"href":"https:\/\/mfroisemont.fr\/index.php?rest_route=\/wp\/v2\/types\/page"}],"author":[{"embeddable":true,"href":"https:\/\/mfroisemont.fr\/index.php?rest_route=\/wp\/v2\/users\/1"}],"replies":[{"embeddable":true,"href":"https:\/\/mfroisemont.fr\/index.php?rest_route=%2Fwp%2Fv2%2Fcomments&post=597"}],"version-history":[{"count":3,"href":"https:\/\/mfroisemont.fr\/index.php?rest_route=\/wp\/v2\/pages\/597\/revisions"}],"predecessor-version":[{"id":602,"href":"https:\/\/mfroisemont.fr\/index.php?rest_route=\/wp\/v2\/pages\/597\/revisions\/602"}],"wp:attachment":[{"href":"https:\/\/mfroisemont.fr\/index.php?rest_route=%2Fwp%2Fv2%2Fmedia&parent=597"}],"curies":[{"name":"wp","href":"https:\/\/api.w.org\/{rel}","templated":true}]}}