{"id":654,"date":"2021-05-03T07:59:52","date_gmt":"2021-05-03T07:59:52","guid":{"rendered":"https:\/\/mfroisemont.fr\/?page_id=654"},"modified":"2021-05-03T08:42:12","modified_gmt":"2021-05-03T08:42:12","slug":"temoignages-anciens-eleves","status":"publish","type":"page","link":"https:\/\/mfroisemont.fr\/?page_id=654","title":{"rendered":"T\u00e9moignages anciens \u00e9l\u00e8ves"},"content":{"rendered":"\n<div style=\"width: 620px;\" class=\"wp-video\"><!--[if lt IE 9]><script>document.createElement('video');<\/script><![endif]-->\n<video class=\"wp-video-shortcode\" id=\"video-654-1\" width=\"620\" height=\"349\" preload=\"metadata\" controls=\"controls\"><source type=\"video\/mp4\" src=\"https:\/\/mfroisemont.fr\/wp-content\/uploads\/2021\/05\/Temoignage-Eulalie-Wallet.mp4?_=1\" \/><a href=\"https:\/\/mfroisemont.fr\/wp-content\/uploads\/2021\/05\/Temoignage-Eulalie-Wallet.mp4\">https:\/\/mfroisemont.fr\/wp-content\/uploads\/2021\/05\/Temoignage-Eulalie-Wallet.mp4<\/a><\/video><\/div>\n<div style=\"width: 620px;\" class=\"wp-video\"><video class=\"wp-video-shortcode\" id=\"video-654-2\" width=\"620\" height=\"349\" preload=\"metadata\" controls=\"controls\"><source type=\"video\/mp4\" src=\"https:\/\/mfroisemont.fr\/wp-content\/uploads\/2021\/05\/temoignage-marlyn-top.mp4?_=2\" \/><a href=\"https:\/\/mfroisemont.fr\/wp-content\/uploads\/2021\/05\/temoignage-marlyn-top.mp4\">https:\/\/mfroisemont.fr\/wp-content\/uploads\/2021\/05\/temoignage-marlyn-top.mp4<\/a><\/video><\/div>\n<div style=\"width: 620px;\" class=\"wp-video\"><video class=\"wp-video-shortcode\" id=\"video-654-3\" width=\"620\" height=\"349\" preload=\"metadata\" controls=\"controls\"><source type=\"video\/mp4\" src=\"https:\/\/mfroisemont.fr\/wp-content\/uploads\/2021\/05\/temoignage-bastien-delacourt.mp4?_=3\" \/><a href=\"https:\/\/mfroisemont.fr\/wp-content\/uploads\/2021\/05\/temoignage-bastien-delacourt.mp4\">https:\/\/mfroisemont.fr\/wp-content\/uploads\/2021\/05\/temoignage-bastien-delacourt.mp4<\/a><\/video><\/div>\n<div style=\"width: 620px;\" class=\"wp-video\"><video class=\"wp-video-shortcode\" id=\"video-654-4\" width=\"620\" height=\"349\" preload=\"metadata\" controls=\"controls\"><source type=\"video\/mp4\" src=\"https:\/\/mfroisemont.fr\/wp-content\/uploads\/2021\/05\/Temoignage-Laetitia-Melin.mp4?_=4\" \/><a href=\"https:\/\/mfroisemont.fr\/wp-content\/uploads\/2021\/05\/Temoignage-Laetitia-Melin.mp4\">https:\/\/mfroisemont.fr\/wp-content\/uploads\/2021\/05\/Temoignage-Laetitia-Melin.mp4<\/a><\/video><\/div>\n<div style=\"width: 620px;\" class=\"wp-video\"><video class=\"wp-video-shortcode\" id=\"video-654-5\" width=\"620\" height=\"349\" preload=\"metadata\" controls=\"controls\"><source type=\"video\/mp4\" src=\"https:\/\/mfroisemont.fr\/wp-content\/uploads\/2021\/05\/Temoignage-Camille-Dumont.mp4?_=5\" \/><a href=\"https:\/\/mfroisemont.fr\/wp-content\/uploads\/2021\/05\/Temoignage-Camille-Dumont.mp4\">https:\/\/mfroisemont.fr\/wp-content\/uploads\/2021\/05\/Temoignage-Camille-Dumont.mp4<\/a><\/video><\/div>\n","protected":false},"excerpt":{"rendered":"","protected":false},"author":1,"featured_media":0,"parent":0,"menu_order":0,"comment_status":"closed","ping_status":"closed","template":"","meta":{"footnotes":""},"_links":{"self":[{"href":"https:\/\/mfroisemont.fr\/index.php?rest_route=\/wp\/v2\/pages\/654"}],"collection":[{"href":"https:\/\/mfroisemont.fr\/index.php?rest_route=\/wp\/v2\/pages"}],"about":[{"href":"https:\/\/mfroisemont.fr\/index.php?rest_route=\/wp\/v2\/types\/page"}],"author":[{"embeddable":true,"href":"https:\/\/mfroisemont.fr\/index.php?rest_route=\/wp\/v2\/users\/1"}],"replies":[{"embeddable":true,"href":"https:\/\/mfroisemont.fr\/index.php?rest_route=%2Fwp%2Fv2%2Fcomments&post=654"}],"version-history":[{"count":3,"href":"https:\/\/mfroisemont.fr\/index.php?rest_route=\/wp\/v2\/pages\/654\/revisions"}],"predecessor-version":[{"id":665,"href":"https:\/\/mfroisemont.fr\/index.php?rest_route=\/wp\/v2\/pages\/654\/revisions\/665"}],"wp:attachment":[{"href":"https:\/\/mfroisemont.fr\/index.php?rest_route=%2Fwp%2Fv2%2Fmedia&parent=654"}],"curies":[{"name":"wp","href":"https:\/\/api.w.org\/{rel}","templated":true}]}}