{"id":765,"date":"2021-11-18T14:52:49","date_gmt":"2021-11-18T14:52:49","guid":{"rendered":"https:\/\/mfroisemont.fr\/?page_id=765"},"modified":"2025-09-30T13:01:31","modified_gmt":"2025-09-30T13:01:31","slug":"actions-sur-le-territoire","status":"publish","type":"page","link":"https:\/\/mfroisemont.fr\/?page_id=765","title":{"rendered":"Actions sur le territoire"},"content":{"rendered":"\n<p><strong>La <span style=\"color: #3366ff;\">Color<\/span> <span style=\"color: #ff00ff;\">Star<\/span><\/strong><\/p>\n<p>Depuis 2024, les \u00e9l\u00e8ves de premi\u00e8re bac professionnel SAPAT organisent au printemps la Color Star. Une course\/marche de 6 km, dans le but de lever le tabou sur le deuil p\u00e9rinatal.\u00a0<\/p>\n<p>Tous les b\u00e9n\u00e9fices de cette journ\u00e9e sont revers\u00e9s \u00e0 l&rsquo;association SPAMA (Soins Palliatifs et Accompagnement en MAternit\u00e9).<\/p>\n<p><a href=\"https:\/\/mfroisemont.fr\/?attachment_id=1041\" rel=\"attachment wp-att-1041\"><img loading=\"lazy\" decoding=\"async\" class=\"alignnone  wp-image-1041\" src=\"https:\/\/mfroisemont.fr\/wp-content\/uploads\/2025\/09\/Affiche-Color.png\" alt=\"\" width=\"230\" height=\"325\" srcset=\"https:\/\/mfroisemont.fr\/wp-content\/uploads\/2025\/09\/Affiche-Color.png 1169w, https:\/\/mfroisemont.fr\/wp-content\/uploads\/2025\/09\/Affiche-Color-212x300.png 212w, https:\/\/mfroisemont.fr\/wp-content\/uploads\/2025\/09\/Affiche-Color-724x1024.png 724w, https:\/\/mfroisemont.fr\/wp-content\/uploads\/2025\/09\/Affiche-Color-768x1087.png 768w, https:\/\/mfroisemont.fr\/wp-content\/uploads\/2025\/09\/Affiche-Color-600x849.png 600w, https:\/\/mfroisemont.fr\/wp-content\/uploads\/2025\/09\/Affiche-Color-1086x1536.png 1086w, https:\/\/mfroisemont.fr\/wp-content\/uploads\/2025\/09\/Affiche-Color-620x877.png 620w\" sizes=\"(max-width: 230px) 100vw, 230px\" \/><\/a>\u00a0 \u00a0<a href=\"https:\/\/mfroisemont.fr\/?attachment_id=1043\" rel=\"attachment wp-att-1043\"><img loading=\"lazy\" decoding=\"async\" class=\"alignnone  wp-image-1043\" src=\"https:\/\/mfroisemont.fr\/wp-content\/uploads\/2025\/09\/496511215_1342578713501044_6796964133633932929_n.jpg\" alt=\"\" width=\"245\" height=\"327\" srcset=\"https:\/\/mfroisemont.fr\/wp-content\/uploads\/2025\/09\/496511215_1342578713501044_6796964133633932929_n.jpg 1536w, https:\/\/mfroisemont.fr\/wp-content\/uploads\/2025\/09\/496511215_1342578713501044_6796964133633932929_n-225x300.jpg 225w, https:\/\/mfroisemont.fr\/wp-content\/uploads\/2025\/09\/496511215_1342578713501044_6796964133633932929_n-768x1024.jpg 768w, https:\/\/mfroisemont.fr\/wp-content\/uploads\/2025\/09\/496511215_1342578713501044_6796964133633932929_n-600x800.jpg 600w, https:\/\/mfroisemont.fr\/wp-content\/uploads\/2025\/09\/496511215_1342578713501044_6796964133633932929_n-1152x1536.jpg 1152w, https:\/\/mfroisemont.fr\/wp-content\/uploads\/2025\/09\/496511215_1342578713501044_6796964133633932929_n-620x827.jpg 620w\" sizes=\"(max-width: 245px) 100vw, 245px\" \/><\/a> \u00a0 <a href=\"https:\/\/mfroisemont.fr\/?attachment_id=1045\" rel=\"attachment wp-att-1045\"><img loading=\"lazy\" decoding=\"async\" class=\"alignnone  wp-image-1045\" src=\"https:\/\/mfroisemont.fr\/wp-content\/uploads\/2025\/09\/496622816_1062084459111107_3072454722620476412_n.jpg\" alt=\"\" width=\"244\" height=\"325\" srcset=\"https:\/\/mfroisemont.fr\/wp-content\/uploads\/2025\/09\/496622816_1062084459111107_3072454722620476412_n.jpg 1536w, https:\/\/mfroisemont.fr\/wp-content\/uploads\/2025\/09\/496622816_1062084459111107_3072454722620476412_n-225x300.jpg 225w, https:\/\/mfroisemont.fr\/wp-content\/uploads\/2025\/09\/496622816_1062084459111107_3072454722620476412_n-768x1024.jpg 768w, https:\/\/mfroisemont.fr\/wp-content\/uploads\/2025\/09\/496622816_1062084459111107_3072454722620476412_n-600x800.jpg 600w, https:\/\/mfroisemont.fr\/wp-content\/uploads\/2025\/09\/496622816_1062084459111107_3072454722620476412_n-1152x1536.jpg 1152w, https:\/\/mfroisemont.fr\/wp-content\/uploads\/2025\/09\/496622816_1062084459111107_3072454722620476412_n-620x827.jpg 620w\" sizes=\"(max-width: 244px) 100vw, 244px\" \/><\/a><a href=\"https:\/\/mfroisemont.fr\/?attachment_id=1046\" rel=\"attachment wp-att-1046\"> <img loading=\"lazy\" decoding=\"async\" class=\"alignnone  wp-image-1046\" src=\"https:\/\/mfroisemont.fr\/wp-content\/uploads\/2025\/09\/496623965_1039993594224626_6908640977052105997_n.jpg\" alt=\"\" width=\"228\" height=\"304\" srcset=\"https:\/\/mfroisemont.fr\/wp-content\/uploads\/2025\/09\/496623965_1039993594224626_6908640977052105997_n.jpg 1536w, https:\/\/mfroisemont.fr\/wp-content\/uploads\/2025\/09\/496623965_1039993594224626_6908640977052105997_n-225x300.jpg 225w, https:\/\/mfroisemont.fr\/wp-content\/uploads\/2025\/09\/496623965_1039993594224626_6908640977052105997_n-768x1024.jpg 768w, https:\/\/mfroisemont.fr\/wp-content\/uploads\/2025\/09\/496623965_1039993594224626_6908640977052105997_n-600x800.jpg 600w, https:\/\/mfroisemont.fr\/wp-content\/uploads\/2025\/09\/496623965_1039993594224626_6908640977052105997_n-1152x1536.jpg 1152w, https:\/\/mfroisemont.fr\/wp-content\/uploads\/2025\/09\/496623965_1039993594224626_6908640977052105997_n-620x827.jpg 620w\" sizes=\"(max-width: 228px) 100vw, 228px\" \/><\/a>\u00a0 \u00a0 <a href=\"https:\/\/mfroisemont.fr\/?attachment_id=1047\" rel=\"attachment wp-att-1047\"><img loading=\"lazy\" decoding=\"async\" class=\"alignnone  wp-image-1047\" src=\"https:\/\/mfroisemont.fr\/wp-content\/uploads\/2025\/09\/496624456_1390606148796824_8608537861967848536_n.jpg\" alt=\"\" width=\"401\" height=\"301\" srcset=\"https:\/\/mfroisemont.fr\/wp-content\/uploads\/2025\/09\/496624456_1390606148796824_8608537861967848536_n.jpg 2048w, https:\/\/mfroisemont.fr\/wp-content\/uploads\/2025\/09\/496624456_1390606148796824_8608537861967848536_n-300x225.jpg 300w, https:\/\/mfroisemont.fr\/wp-content\/uploads\/2025\/09\/496624456_1390606148796824_8608537861967848536_n-1024x768.jpg 1024w, https:\/\/mfroisemont.fr\/wp-content\/uploads\/2025\/09\/496624456_1390606148796824_8608537861967848536_n-768x576.jpg 768w, https:\/\/mfroisemont.fr\/wp-content\/uploads\/2025\/09\/496624456_1390606148796824_8608537861967848536_n-600x450.jpg 600w, https:\/\/mfroisemont.fr\/wp-content\/uploads\/2025\/09\/496624456_1390606148796824_8608537861967848536_n-1536x1152.jpg 1536w, https:\/\/mfroisemont.fr\/wp-content\/uploads\/2025\/09\/496624456_1390606148796824_8608537861967848536_n-620x465.jpg 620w\" sizes=\"(max-width: 401px) 100vw, 401px\" \/><\/a><\/p>\n<p><strong>La <span style=\"color: #ff00ff;\">Pink Party<\/span><\/strong><\/p>\n<p>Chaque ann\u00e9e, les \u00e9l\u00e8ves de terminale SAPAT se mobilisent pour octobre Rose.\u00a0<\/p>\n<p>Vente de goodies, de cr\u00eapes et autres gourmandises et organisation de la Pink Party, la soir\u00e9e dansante organis\u00e9e par les \u00e9l\u00e8ves. Tous les b\u00e9n\u00e9fices de ces actions sont revers\u00e9s \u00e0 la ligue contre le cancer 80.<\/p>\n<p><a href=\"https:\/\/mfroisemont.fr\/?attachment_id=1054\" rel=\"attachment wp-att-1054\"><img loading=\"lazy\" decoding=\"async\" class=\"alignnone  wp-image-1054\" src=\"https:\/\/mfroisemont.fr\/wp-content\/uploads\/2025\/09\/492345414_10015361031837081_6549931977001552055_n.jpg\" alt=\"\" width=\"236\" height=\"315\" srcset=\"https:\/\/mfroisemont.fr\/wp-content\/uploads\/2025\/09\/492345414_10015361031837081_6549931977001552055_n.jpg 1536w, https:\/\/mfroisemont.fr\/wp-content\/uploads\/2025\/09\/492345414_10015361031837081_6549931977001552055_n-225x300.jpg 225w, https:\/\/mfroisemont.fr\/wp-content\/uploads\/2025\/09\/492345414_10015361031837081_6549931977001552055_n-768x1024.jpg 768w, https:\/\/mfroisemont.fr\/wp-content\/uploads\/2025\/09\/492345414_10015361031837081_6549931977001552055_n-600x800.jpg 600w, https:\/\/mfroisemont.fr\/wp-content\/uploads\/2025\/09\/492345414_10015361031837081_6549931977001552055_n-1152x1536.jpg 1152w, https:\/\/mfroisemont.fr\/wp-content\/uploads\/2025\/09\/492345414_10015361031837081_6549931977001552055_n-620x827.jpg 620w\" sizes=\"(max-width: 236px) 100vw, 236px\" \/><\/a> <a href=\"https:\/\/mfroisemont.fr\/?attachment_id=1055\" rel=\"attachment wp-att-1055\"><img loading=\"lazy\" decoding=\"async\" class=\"alignnone  wp-image-1055\" src=\"https:\/\/mfroisemont.fr\/wp-content\/uploads\/2025\/09\/514668753_24326503670296245_792182829874034871_n.jpg\" alt=\"\" width=\"419\" height=\"314\" srcset=\"https:\/\/mfroisemont.fr\/wp-content\/uploads\/2025\/09\/514668753_24326503670296245_792182829874034871_n.jpg 2040w, https:\/\/mfroisemont.fr\/wp-content\/uploads\/2025\/09\/514668753_24326503670296245_792182829874034871_n-300x225.jpg 300w, https:\/\/mfroisemont.fr\/wp-content\/uploads\/2025\/09\/514668753_24326503670296245_792182829874034871_n-1024x768.jpg 1024w, https:\/\/mfroisemont.fr\/wp-content\/uploads\/2025\/09\/514668753_24326503670296245_792182829874034871_n-768x576.jpg 768w, https:\/\/mfroisemont.fr\/wp-content\/uploads\/2025\/09\/514668753_24326503670296245_792182829874034871_n-600x450.jpg 600w, https:\/\/mfroisemont.fr\/wp-content\/uploads\/2025\/09\/514668753_24326503670296245_792182829874034871_n-1536x1152.jpg 1536w, https:\/\/mfroisemont.fr\/wp-content\/uploads\/2025\/09\/514668753_24326503670296245_792182829874034871_n-620x465.jpg 620w\" sizes=\"(max-width: 419px) 100vw, 419px\" \/><\/a> <a href=\"https:\/\/mfroisemont.fr\/?attachment_id=1056\" rel=\"attachment wp-att-1056\"><img loading=\"lazy\" decoding=\"async\" class=\"alignnone  wp-image-1056\" src=\"https:\/\/mfroisemont.fr\/wp-content\/uploads\/2025\/09\/514906882_24326503643629581_7975263047328651744_n.jpg\" alt=\"\" width=\"289\" height=\"385\" srcset=\"https:\/\/mfroisemont.fr\/wp-content\/uploads\/2025\/09\/514906882_24326503643629581_7975263047328651744_n.jpg 1530w, https:\/\/mfroisemont.fr\/wp-content\/uploads\/2025\/09\/514906882_24326503643629581_7975263047328651744_n-225x300.jpg 225w, https:\/\/mfroisemont.fr\/wp-content\/uploads\/2025\/09\/514906882_24326503643629581_7975263047328651744_n-768x1024.jpg 768w, https:\/\/mfroisemont.fr\/wp-content\/uploads\/2025\/09\/514906882_24326503643629581_7975263047328651744_n-600x800.jpg 600w, https:\/\/mfroisemont.fr\/wp-content\/uploads\/2025\/09\/514906882_24326503643629581_7975263047328651744_n-1152x1536.jpg 1152w, https:\/\/mfroisemont.fr\/wp-content\/uploads\/2025\/09\/514906882_24326503643629581_7975263047328651744_n-620x827.jpg 620w\" sizes=\"(max-width: 289px) 100vw, 289px\" \/><\/a> <a href=\"https:\/\/mfroisemont.fr\/?attachment_id=1057\" rel=\"attachment wp-att-1057\"><img loading=\"lazy\" decoding=\"async\" class=\"alignnone  wp-image-1057\" src=\"https:\/\/mfroisemont.fr\/wp-content\/uploads\/2025\/09\/Pink-party.jpg\" alt=\"\" width=\"270\" height=\"389\" srcset=\"https:\/\/mfroisemont.fr\/wp-content\/uploads\/2025\/09\/Pink-party.jpg 1421w, https:\/\/mfroisemont.fr\/wp-content\/uploads\/2025\/09\/Pink-party-208x300.jpg 208w, https:\/\/mfroisemont.fr\/wp-content\/uploads\/2025\/09\/Pink-party-711x1024.jpg 711w, https:\/\/mfroisemont.fr\/wp-content\/uploads\/2025\/09\/Pink-party-768x1107.jpg 768w, https:\/\/mfroisemont.fr\/wp-content\/uploads\/2025\/09\/Pink-party-600x865.jpg 600w, https:\/\/mfroisemont.fr\/wp-content\/uploads\/2025\/09\/Pink-party-1066x1536.jpg 1066w, https:\/\/mfroisemont.fr\/wp-content\/uploads\/2025\/09\/Pink-party-620x894.jpg 620w\" sizes=\"(max-width: 270px) 100vw, 270px\" \/><\/a><\/p>\n<p><a href=\"https:\/\/mfroisemont.fr\/?attachment_id=1058\" rel=\"attachment wp-att-1058\"><img loading=\"lazy\" decoding=\"async\" class=\"alignnone  wp-image-1058\" src=\"https:\/\/mfroisemont.fr\/wp-content\/uploads\/2025\/09\/487061062_9838647666175086_6962778179529594694_n.jpg\" alt=\"\" width=\"393\" height=\"393\" srcset=\"https:\/\/mfroisemont.fr\/wp-content\/uploads\/2025\/09\/487061062_9838647666175086_6962778179529594694_n.jpg 2048w, https:\/\/mfroisemont.fr\/wp-content\/uploads\/2025\/09\/487061062_9838647666175086_6962778179529594694_n-300x300.jpg 300w, https:\/\/mfroisemont.fr\/wp-content\/uploads\/2025\/09\/487061062_9838647666175086_6962778179529594694_n-1024x1024.jpg 1024w, https:\/\/mfroisemont.fr\/wp-content\/uploads\/2025\/09\/487061062_9838647666175086_6962778179529594694_n-150x150.jpg 150w, https:\/\/mfroisemont.fr\/wp-content\/uploads\/2025\/09\/487061062_9838647666175086_6962778179529594694_n-768x768.jpg 768w, https:\/\/mfroisemont.fr\/wp-content\/uploads\/2025\/09\/487061062_9838647666175086_6962778179529594694_n-600x600.jpg 600w, https:\/\/mfroisemont.fr\/wp-content\/uploads\/2025\/09\/487061062_9838647666175086_6962778179529594694_n-1536x1536.jpg 1536w, https:\/\/mfroisemont.fr\/wp-content\/uploads\/2025\/09\/487061062_9838647666175086_6962778179529594694_n-620x620.jpg 620w\" sizes=\"(max-width: 393px) 100vw, 393px\" \/><\/a> <a href=\"https:\/\/mfroisemont.fr\/?attachment_id=1059\" rel=\"attachment wp-att-1059\"><img loading=\"lazy\" decoding=\"async\" class=\"alignnone  wp-image-1059\" src=\"https:\/\/mfroisemont.fr\/wp-content\/uploads\/2025\/09\/487453421_9838647632841756_3637589227329681436_n.jpg\" alt=\"\" width=\"392\" height=\"392\" srcset=\"https:\/\/mfroisemont.fr\/wp-content\/uploads\/2025\/09\/487453421_9838647632841756_3637589227329681436_n.jpg 2048w, https:\/\/mfroisemont.fr\/wp-content\/uploads\/2025\/09\/487453421_9838647632841756_3637589227329681436_n-300x300.jpg 300w, https:\/\/mfroisemont.fr\/wp-content\/uploads\/2025\/09\/487453421_9838647632841756_3637589227329681436_n-1024x1024.jpg 1024w, https:\/\/mfroisemont.fr\/wp-content\/uploads\/2025\/09\/487453421_9838647632841756_3637589227329681436_n-150x150.jpg 150w, https:\/\/mfroisemont.fr\/wp-content\/uploads\/2025\/09\/487453421_9838647632841756_3637589227329681436_n-768x768.jpg 768w, https:\/\/mfroisemont.fr\/wp-content\/uploads\/2025\/09\/487453421_9838647632841756_3637589227329681436_n-600x600.jpg 600w, https:\/\/mfroisemont.fr\/wp-content\/uploads\/2025\/09\/487453421_9838647632841756_3637589227329681436_n-1536x1536.jpg 1536w, https:\/\/mfroisemont.fr\/wp-content\/uploads\/2025\/09\/487453421_9838647632841756_3637589227329681436_n-620x620.jpg 620w\" sizes=\"(max-width: 392px) 100vw, 392px\" \/><\/a><\/p>\n\n\n\n<p><strong>La guinguette<\/strong><\/p>\n<p>Tous les ans en janvier, la classe de 2nde organise une guinguette \u00e0 la salle des f\u00eate de Oisemont. Une occasion de cr\u00e9er du lien interg\u00e9n\u00e9rationnel.<\/p>\n<p><a href=\"https:\/\/mfroisemont.fr\/?attachment_id=1061\" rel=\"attachment wp-att-1061\"><img loading=\"lazy\" decoding=\"async\" class=\"alignnone  wp-image-1061\" src=\"https:\/\/mfroisemont.fr\/wp-content\/uploads\/2025\/09\/494342040_10045054432201074_3138108065142525220_n.jpg\" alt=\"\" width=\"338\" height=\"290\" srcset=\"https:\/\/mfroisemont.fr\/wp-content\/uploads\/2025\/09\/494342040_10045054432201074_3138108065142525220_n.jpg 1125w, https:\/\/mfroisemont.fr\/wp-content\/uploads\/2025\/09\/494342040_10045054432201074_3138108065142525220_n-300x258.jpg 300w, https:\/\/mfroisemont.fr\/wp-content\/uploads\/2025\/09\/494342040_10045054432201074_3138108065142525220_n-1024x879.jpg 1024w, https:\/\/mfroisemont.fr\/wp-content\/uploads\/2025\/09\/494342040_10045054432201074_3138108065142525220_n-768x659.jpg 768w, https:\/\/mfroisemont.fr\/wp-content\/uploads\/2025\/09\/494342040_10045054432201074_3138108065142525220_n-600x515.jpg 600w, https:\/\/mfroisemont.fr\/wp-content\/uploads\/2025\/09\/494342040_10045054432201074_3138108065142525220_n-620x532.jpg 620w\" sizes=\"(max-width: 338px) 100vw, 338px\" \/><\/a> <a href=\"https:\/\/mfroisemont.fr\/?attachment_id=1062\" rel=\"attachment wp-att-1062\"><img loading=\"lazy\" decoding=\"async\" class=\"alignnone  wp-image-1062\" src=\"https:\/\/mfroisemont.fr\/wp-content\/uploads\/2025\/09\/494408116_10045054392201078_2565349669410657994_n.jpg\" alt=\"\" width=\"386\" height=\"289\" srcset=\"https:\/\/mfroisemont.fr\/wp-content\/uploads\/2025\/09\/494408116_10045054392201078_2565349669410657994_n.jpg 2048w, https:\/\/mfroisemont.fr\/wp-content\/uploads\/2025\/09\/494408116_10045054392201078_2565349669410657994_n-300x225.jpg 300w, https:\/\/mfroisemont.fr\/wp-content\/uploads\/2025\/09\/494408116_10045054392201078_2565349669410657994_n-1024x768.jpg 1024w, https:\/\/mfroisemont.fr\/wp-content\/uploads\/2025\/09\/494408116_10045054392201078_2565349669410657994_n-768x576.jpg 768w, https:\/\/mfroisemont.fr\/wp-content\/uploads\/2025\/09\/494408116_10045054392201078_2565349669410657994_n-600x450.jpg 600w, https:\/\/mfroisemont.fr\/wp-content\/uploads\/2025\/09\/494408116_10045054392201078_2565349669410657994_n-1536x1152.jpg 1536w, https:\/\/mfroisemont.fr\/wp-content\/uploads\/2025\/09\/494408116_10045054392201078_2565349669410657994_n-620x465.jpg 620w\" sizes=\"(max-width: 386px) 100vw, 386px\" \/><\/a> <a href=\"https:\/\/mfroisemont.fr\/?attachment_id=1063\" rel=\"attachment wp-att-1063\"><img loading=\"lazy\" decoding=\"async\" class=\"alignnone  wp-image-1063\" src=\"https:\/\/mfroisemont.fr\/wp-content\/uploads\/2025\/09\/500636139_24053742934238988_6602592910832282621_n.jpg\" alt=\"\" width=\"218\" height=\"309\" srcset=\"https:\/\/mfroisemont.fr\/wp-content\/uploads\/2025\/09\/500636139_24053742934238988_6602592910832282621_n.jpg 1448w, https:\/\/mfroisemont.fr\/wp-content\/uploads\/2025\/09\/500636139_24053742934238988_6602592910832282621_n-212x300.jpg 212w, https:\/\/mfroisemont.fr\/wp-content\/uploads\/2025\/09\/500636139_24053742934238988_6602592910832282621_n-724x1024.jpg 724w, https:\/\/mfroisemont.fr\/wp-content\/uploads\/2025\/09\/500636139_24053742934238988_6602592910832282621_n-768x1086.jpg 768w, https:\/\/mfroisemont.fr\/wp-content\/uploads\/2025\/09\/500636139_24053742934238988_6602592910832282621_n-600x849.jpg 600w, https:\/\/mfroisemont.fr\/wp-content\/uploads\/2025\/09\/500636139_24053742934238988_6602592910832282621_n-1086x1536.jpg 1086w, https:\/\/mfroisemont.fr\/wp-content\/uploads\/2025\/09\/500636139_24053742934238988_6602592910832282621_n-620x877.jpg 620w\" sizes=\"(max-width: 218px) 100vw, 218px\" \/><\/a> <a href=\"https:\/\/mfroisemont.fr\/?attachment_id=1064\" rel=\"attachment wp-att-1064\"><img loading=\"lazy\" decoding=\"async\" class=\"alignnone  wp-image-1064\" src=\"https:\/\/mfroisemont.fr\/wp-content\/uploads\/2025\/09\/515054085_24329684593311486_9172576981228483186_n.jpg\" alt=\"\" width=\"231\" height=\"308\" srcset=\"https:\/\/mfroisemont.fr\/wp-content\/uploads\/2025\/09\/515054085_24329684593311486_9172576981228483186_n.jpg 1536w, https:\/\/mfroisemont.fr\/wp-content\/uploads\/2025\/09\/515054085_24329684593311486_9172576981228483186_n-225x300.jpg 225w, https:\/\/mfroisemont.fr\/wp-content\/uploads\/2025\/09\/515054085_24329684593311486_9172576981228483186_n-768x1024.jpg 768w, https:\/\/mfroisemont.fr\/wp-content\/uploads\/2025\/09\/515054085_24329684593311486_9172576981228483186_n-600x800.jpg 600w, https:\/\/mfroisemont.fr\/wp-content\/uploads\/2025\/09\/515054085_24329684593311486_9172576981228483186_n-1152x1536.jpg 1152w, https:\/\/mfroisemont.fr\/wp-content\/uploads\/2025\/09\/515054085_24329684593311486_9172576981228483186_n-620x827.jpg 620w\" sizes=\"(max-width: 231px) 100vw, 231px\" \/><\/a> <a href=\"https:\/\/mfroisemont.fr\/?attachment_id=1065\" rel=\"attachment wp-att-1065\"><img loading=\"lazy\" decoding=\"async\" class=\"alignnone  wp-image-1065\" src=\"https:\/\/mfroisemont.fr\/wp-content\/uploads\/2025\/09\/515961818_24329684399978172_3258506439429069909_n.jpg\" alt=\"\" width=\"231\" height=\"308\" srcset=\"https:\/\/mfroisemont.fr\/wp-content\/uploads\/2025\/09\/515961818_24329684399978172_3258506439429069909_n.jpg 1536w, https:\/\/mfroisemont.fr\/wp-content\/uploads\/2025\/09\/515961818_24329684399978172_3258506439429069909_n-225x300.jpg 225w, https:\/\/mfroisemont.fr\/wp-content\/uploads\/2025\/09\/515961818_24329684399978172_3258506439429069909_n-768x1024.jpg 768w, https:\/\/mfroisemont.fr\/wp-content\/uploads\/2025\/09\/515961818_24329684399978172_3258506439429069909_n-600x800.jpg 600w, https:\/\/mfroisemont.fr\/wp-content\/uploads\/2025\/09\/515961818_24329684399978172_3258506439429069909_n-1152x1536.jpg 1152w, https:\/\/mfroisemont.fr\/wp-content\/uploads\/2025\/09\/515961818_24329684399978172_3258506439429069909_n-620x827.jpg 620w\" sizes=\"(max-width: 231px) 100vw, 231px\" \/><\/a><\/p>\n","protected":false},"excerpt":{"rendered":"<p>La Color Star Depuis 2024, les \u00e9l\u00e8ves de premi\u00e8re bac professionnel SAPAT organisent au printemps la Color Star. Une course\/marche de 6 km, dans le but de lever le tabou sur le deuil p\u00e9rinatal.\u00a0 Tous les b\u00e9n\u00e9fices de cette journ\u00e9e sont revers\u00e9s \u00e0 l&rsquo;association SPAMA (Soins Palliatifs et Accompagnement en MAternit\u00e9). \u00a0 \u00a0 \u00a0 \u00a0 [&hellip;]<\/p>\n","protected":false},"author":1,"featured_media":0,"parent":0,"menu_order":0,"comment_status":"closed","ping_status":"closed","template":"","meta":{"footnotes":""},"_links":{"self":[{"href":"https:\/\/mfroisemont.fr\/index.php?rest_route=\/wp\/v2\/pages\/765"}],"collection":[{"href":"https:\/\/mfroisemont.fr\/index.php?rest_route=\/wp\/v2\/pages"}],"about":[{"href":"https:\/\/mfroisemont.fr\/index.php?rest_route=\/wp\/v2\/types\/page"}],"author":[{"embeddable":true,"href":"https:\/\/mfroisemont.fr\/index.php?rest_route=\/wp\/v2\/users\/1"}],"replies":[{"embeddable":true,"href":"https:\/\/mfroisemont.fr\/index.php?rest_route=%2Fwp%2Fv2%2Fcomments&post=765"}],"version-history":[{"count":5,"href":"https:\/\/mfroisemont.fr\/index.php?rest_route=\/wp\/v2\/pages\/765\/revisions"}],"predecessor-version":[{"id":1066,"href":"https:\/\/mfroisemont.fr\/index.php?rest_route=\/wp\/v2\/pages\/765\/revisions\/1066"}],"wp:attachment":[{"href":"https:\/\/mfroisemont.fr\/index.php?rest_route=%2Fwp%2Fv2%2Fmedia&parent=765"}],"curies":[{"name":"wp","href":"https:\/\/api.w.org\/{rel}","templated":true}]}}